{"id":10,"date":"2020-09-23T07:47:53","date_gmt":"2020-09-23T05:47:53","guid":{"rendered":"http:\/\/www.zangen-bansmann.de\/cms\/?page_id=10"},"modified":"2025-03-20T09:55:10","modified_gmt":"2025-03-20T08:55:10","slug":"willkommen-bei-zangen-bansmann","status":"publish","type":"page","link":"https:\/\/www.zangen-bansmann.de\/en\/","title":{"rendered":"Willkommen bei Zangen Bansmann"},"content":{"rendered":"<p>Was braucht man, um sich dauerhaft in den Sinnen und den Gedanken der Menschen zu verankern?<br \/>\nWie wird eine Marke zur Haltung und warum inspiriert sie?<\/p>\n<p>Marken zu verstehen und nachhaltig aufzubauen hei\u00dft, sie im Kontext ihrer Chancen und Herausforderungen einzuordnen und weiterentwickeln zu k\u00f6nnen.<\/p>\n<p>Daf\u00fcr denken wir quer, graben tief und gehen immer einen Schritt weiter, um Menschen punktiert zu erreichen und nachhaltig zu beeindrucken. Begleiten Sie uns auf unserem Weg!<\/p>\n<p><img loading=\"lazy\" decoding=\"async\" class=\"size-full wp-image-59 aligncenter\" src=\"https:\/\/www.zangen-bansmann.de\/cms\/wp-content\/uploads\/2020\/09\/ZB-Pfau.png\" alt=\"\" width=\"205\" height=\"247\" \/><\/p>","protected":false},"excerpt":{"rendered":"<p>Was braucht man, um sich dauerhaft in den Sinnen und den Gedanken der Menschen zu verankern? Wie wird eine Marke zur Haltung und warum inspiriert sie? Marken zu verstehen und nachhaltig aufzubauen hei\u00dft, sie im Kontext ihrer Chancen und Herausforderungen einzuordnen und weiterentwickeln zu k\u00f6nnen. Daf\u00fcr denken wir quer, graben tief und gehen immer einen [&hellip;]<\/p>\n","protected":false},"author":1,"featured_media":0,"parent":0,"menu_order":0,"comment_status":"closed","ping_status":"closed","template":"","meta":{"_acf_changed":false,"footnotes":""},"class_list":["post-10","page","type-page","status-publish","hentry"],"acf":[],"yoast_head":"<!-- This site is optimized with the Yoast SEO plugin v26.0 - https:\/\/yoast.com\/wordpress\/plugins\/seo\/ -->\n<title>Willkommen bei Zangen Bansmann | ZangenBansmann<\/title>\n<meta name=\"robots\" content=\"index, follow, max-snippet:-1, max-image-preview:large, max-video-preview:-1\" \/>\n<link rel=\"canonical\" href=\"https:\/\/www.zangen-bansmann.de\/en\/\" \/>\n<meta property=\"og:locale\" content=\"en_US\" \/>\n<meta property=\"og:type\" content=\"article\" \/>\n<meta property=\"og:title\" content=\"Willkommen bei Zangen Bansmann | ZangenBansmann\" \/>\n<meta property=\"og:description\" content=\"Was braucht man, um sich dauerhaft in den Sinnen und den Gedanken der Menschen zu verankern? Wie wird eine Marke zur Haltung und warum inspiriert sie? Marken zu verstehen und nachhaltig aufzubauen hei\u00dft, sie im Kontext ihrer Chancen und Herausforderungen einzuordnen und weiterentwickeln zu k\u00f6nnen. Daf\u00fcr denken wir quer, graben tief und gehen immer einen [&hellip;]\" \/>\n<meta property=\"og:url\" content=\"https:\/\/www.zangen-bansmann.de\/en\/\" \/>\n<meta property=\"og:site_name\" content=\"ZangenBansmann\" \/>\n<meta property=\"article:modified_time\" content=\"2025-03-20T08:55:10+00:00\" \/>\n<meta property=\"og:image\" content=\"https:\/\/www.zangen-bansmann.de\/cms\/wp-content\/uploads\/2020\/09\/ZB-Pfau.png\" \/>\n<meta name=\"twitter:card\" content=\"summary_large_image\" \/>\n<meta name=\"twitter:label1\" content=\"Est. reading time\" \/>\n\t<meta name=\"twitter:data1\" content=\"1 minute\" \/>\n<script type=\"application\/ld+json\" class=\"yoast-schema-graph\">{\"@context\":\"https:\/\/schema.org\",\"@graph\":[{\"@type\":\"WebPage\",\"@id\":\"https:\/\/www.zangen-bansmann.de\/en\/\",\"url\":\"https:\/\/www.zangen-bansmann.de\/en\/\",\"name\":\"Willkommen bei Zangen Bansmann | ZangenBansmann\",\"isPartOf\":{\"@id\":\"https:\/\/www.zangen-bansmann.de\/en\/#website\"},\"primaryImageOfPage\":{\"@id\":\"https:\/\/www.zangen-bansmann.de\/en\/#primaryimage\"},\"image\":{\"@id\":\"https:\/\/www.zangen-bansmann.de\/#primaryimage\"},\"thumbnailUrl\":\"https:\/\/www.zangen-bansmann.de\/cms\/wp-content\/uploads\/2020\/09\/ZB-Pfau.png\",\"datePublished\":\"2020-09-23T05:47:53+00:00\",\"dateModified\":\"2025-03-20T08:55:10+00:00\",\"breadcrumb\":{\"@id\":\"https:\/\/www.zangen-bansmann.de\/en\/#breadcrumb\"},\"inLanguage\":\"en-US\",\"potentialAction\":[{\"@type\":\"ReadAction\",\"target\":[[\"https:\/\/www.zangen-bansmann.de\/en\/\"]]}]},{\"@type\":\"ImageObject\",\"inLanguage\":\"en-US\",\"@id\":\"https:\/\/www.zangen-bansmann.de\/en\/#primaryimage\",\"url\":\"https:\/\/www.zangen-bansmann.de\/cms\/wp-content\/uploads\/2020\/09\/ZB-Pfau.png\",\"contentUrl\":\"https:\/\/www.zangen-bansmann.de\/cms\/wp-content\/uploads\/2020\/09\/ZB-Pfau.png\"},{\"@type\":\"BreadcrumbList\",\"@id\":\"https:\/\/www.zangen-bansmann.de\/en\/#breadcrumb\",\"itemListElement\":[{\"@type\":\"ListItem\",\"position\":1,\"name\":\"Startseite\",\"item\":\"https:\/\/www.zangen-bansmann.de\/en\/\"},{\"@type\":\"ListItem\",\"position\":2,\"name\":\"Willkommen bei Zangen Bansmann\"}]},{\"@type\":\"WebSite\",\"@id\":\"https:\/\/www.zangen-bansmann.de\/en\/#website\",\"url\":\"https:\/\/www.zangen-bansmann.de\/en\/\",\"name\":\"Zangen Bansmann PR\",\"description\":\"\",\"publisher\":{\"@id\":\"https:\/\/www.zangen-bansmann.de\/en\/#organization\"},\"potentialAction\":[{\"@type\":\"SearchAction\",\"target\":{\"@type\":\"EntryPoint\",\"urlTemplate\":\"https:\/\/www.zangen-bansmann.de\/en\/?s={search_term_string}\"},\"query-input\":{\"@type\":\"PropertyValueSpecification\",\"valueRequired\":true,\"valueName\":\"search_term_string\"}}],\"inLanguage\":\"en-US\"},{\"@type\":\"Organization\",\"@id\":\"https:\/\/www.zangen-bansmann.de\/en\/#organization\",\"name\":\"Zangen Bansmann\",\"url\":\"https:\/\/www.zangen-bansmann.de\/en\/\",\"logo\":{\"@type\":\"ImageObject\",\"inLanguage\":\"en-US\",\"@id\":\"https:\/\/www.zangen-bansmann.de\/en\/#\/schema\/logo\/image\/\",\"url\":\"https:\/\/www.zangen-bansmann.de\/cms\/wp-content\/uploads\/2020\/09\/Pfau-1.png\",\"contentUrl\":\"https:\/\/www.zangen-bansmann.de\/cms\/wp-content\/uploads\/2020\/09\/Pfau-1.png\",\"width\":400,\"height\":400,\"caption\":\"Zangen Bansmann\"},\"image\":{\"@id\":\"https:\/\/www.zangen-bansmann.de\/en\/#\/schema\/logo\/image\/\"}}]}<\/script>\n<!-- \/ Yoast SEO plugin. -->","yoast_head_json":{"title":"Willkommen bei Zangen Bansmann | ZangenBansmann","robots":{"index":"index","follow":"follow","max-snippet":"max-snippet:-1","max-image-preview":"max-image-preview:large","max-video-preview":"max-video-preview:-1"},"canonical":"https:\/\/www.zangen-bansmann.de\/en\/","og_locale":"en_US","og_type":"article","og_title":"Willkommen bei Zangen Bansmann | ZangenBansmann","og_description":"Was braucht man, um sich dauerhaft in den Sinnen und den Gedanken der Menschen zu verankern? Wie wird eine Marke zur Haltung und warum inspiriert sie? Marken zu verstehen und nachhaltig aufzubauen hei\u00dft, sie im Kontext ihrer Chancen und Herausforderungen einzuordnen und weiterentwickeln zu k\u00f6nnen. Daf\u00fcr denken wir quer, graben tief und gehen immer einen [&hellip;]","og_url":"https:\/\/www.zangen-bansmann.de\/en\/","og_site_name":"ZangenBansmann","article_modified_time":"2025-03-20T08:55:10+00:00","og_image":[{"url":"https:\/\/www.zangen-bansmann.de\/cms\/wp-content\/uploads\/2020\/09\/ZB-Pfau.png","type":"","width":"","height":""}],"twitter_card":"summary_large_image","twitter_misc":{"Est. reading time":"1 minute"},"schema":{"@context":"https:\/\/schema.org","@graph":[{"@type":"WebPage","@id":"https:\/\/www.zangen-bansmann.de\/en\/","url":"https:\/\/www.zangen-bansmann.de\/en\/","name":"Willkommen bei Zangen Bansmann | ZangenBansmann","isPartOf":{"@id":"https:\/\/www.zangen-bansmann.de\/en\/#website"},"primaryImageOfPage":{"@id":"https:\/\/www.zangen-bansmann.de\/en\/#primaryimage"},"image":{"@id":"https:\/\/www.zangen-bansmann.de\/#primaryimage"},"thumbnailUrl":"https:\/\/www.zangen-bansmann.de\/cms\/wp-content\/uploads\/2020\/09\/ZB-Pfau.png","datePublished":"2020-09-23T05:47:53+00:00","dateModified":"2025-03-20T08:55:10+00:00","breadcrumb":{"@id":"https:\/\/www.zangen-bansmann.de\/en\/#breadcrumb"},"inLanguage":"en-US","potentialAction":[{"@type":"ReadAction","target":[["https:\/\/www.zangen-bansmann.de\/en\/"]]}]},{"@type":"ImageObject","inLanguage":"en-US","@id":"https:\/\/www.zangen-bansmann.de\/en\/#primaryimage","url":"https:\/\/www.zangen-bansmann.de\/cms\/wp-content\/uploads\/2020\/09\/ZB-Pfau.png","contentUrl":"https:\/\/www.zangen-bansmann.de\/cms\/wp-content\/uploads\/2020\/09\/ZB-Pfau.png"},{"@type":"BreadcrumbList","@id":"https:\/\/www.zangen-bansmann.de\/en\/#breadcrumb","itemListElement":[{"@type":"ListItem","position":1,"name":"Startseite","item":"https:\/\/www.zangen-bansmann.de\/en\/"},{"@type":"ListItem","position":2,"name":"Willkommen bei Zangen Bansmann"}]},{"@type":"WebSite","@id":"https:\/\/www.zangen-bansmann.de\/en\/#website","url":"https:\/\/www.zangen-bansmann.de\/en\/","name":"Zangen Bansmann PR","description":"","publisher":{"@id":"https:\/\/www.zangen-bansmann.de\/en\/#organization"},"potentialAction":[{"@type":"SearchAction","target":{"@type":"EntryPoint","urlTemplate":"https:\/\/www.zangen-bansmann.de\/en\/?s={search_term_string}"},"query-input":{"@type":"PropertyValueSpecification","valueRequired":true,"valueName":"search_term_string"}}],"inLanguage":"en-US"},{"@type":"Organization","@id":"https:\/\/www.zangen-bansmann.de\/en\/#organization","name":"Zangen Bansmann","url":"https:\/\/www.zangen-bansmann.de\/en\/","logo":{"@type":"ImageObject","inLanguage":"en-US","@id":"https:\/\/www.zangen-bansmann.de\/en\/#\/schema\/logo\/image\/","url":"https:\/\/www.zangen-bansmann.de\/cms\/wp-content\/uploads\/2020\/09\/Pfau-1.png","contentUrl":"https:\/\/www.zangen-bansmann.de\/cms\/wp-content\/uploads\/2020\/09\/Pfau-1.png","width":400,"height":400,"caption":"Zangen Bansmann"},"image":{"@id":"https:\/\/www.zangen-bansmann.de\/en\/#\/schema\/logo\/image\/"}}]}},"_links":{"self":[{"href":"https:\/\/www.zangen-bansmann.de\/en\/wp-json\/wp\/v2\/pages\/10","targetHints":{"allow":["GET"]}}],"collection":[{"href":"https:\/\/www.zangen-bansmann.de\/en\/wp-json\/wp\/v2\/pages"}],"about":[{"href":"https:\/\/www.zangen-bansmann.de\/en\/wp-json\/wp\/v2\/types\/page"}],"author":[{"embeddable":true,"href":"https:\/\/www.zangen-bansmann.de\/en\/wp-json\/wp\/v2\/users\/1"}],"replies":[{"embeddable":true,"href":"https:\/\/www.zangen-bansmann.de\/en\/wp-json\/wp\/v2\/comments?post=10"}],"version-history":[{"count":0,"href":"https:\/\/www.zangen-bansmann.de\/en\/wp-json\/wp\/v2\/pages\/10\/revisions"}],"wp:attachment":[{"href":"https:\/\/www.zangen-bansmann.de\/en\/wp-json\/wp\/v2\/media?parent=10"}],"curies":[{"name":"wp","href":"https:\/\/api.w.org\/{rel}","templated":true}]}}